{"id":2238,"date":"2024-07-17T10:28:24","date_gmt":"2024-07-17T08:28:24","guid":{"rendered":"https:\/\/preprod-altair.com\/mentions-legales\/"},"modified":"2024-07-21T16:23:32","modified_gmt":"2024-07-21T14:23:32","slug":"mentions-legales","status":"publish","type":"page","link":"https:\/\/preprod-altair.com\/es\/mentions-legales\/","title":{"rendered":"Notas legales"},"content":{"rendered":"\t\t<div data-elementor-type=\"wp-page\" data-elementor-id=\"2238\" class=\"elementor elementor-2238 elementor-645\" data-elementor-post-type=\"page\">\n\t\t\t\t<div class=\"elementor-element elementor-element-b96d668 e-flex e-con-boxed e-con e-parent\" data-id=\"b96d668\" data-element_type=\"container\">\n\t\t\t\t\t<div class=\"e-con-inner\">\n\t\t\t\t<div class=\"elementor-element elementor-element-e9934c8 elementor-widget elementor-widget-breadcrumbs\" data-id=\"e9934c8\" data-element_type=\"widget\" data-widget_type=\"breadcrumbs.default\">\n\t\t\t\t<div class=\"elementor-widget-container\">\n\t\t\t<p id=\"breadcrumbs\"><span><span><a href=\"https:\/\/preprod-altair.com\/es\/\">Inicio<\/a><\/span><\/span><\/p>\t\t<\/div>\n\t\t\t\t<\/div>\n\t\t\t\t\t<\/div>\n\t\t\t\t<\/div>\n\t\t<div class=\"elementor-element elementor-element-23cda85 e-flex e-con-boxed e-con e-parent\" data-id=\"23cda85\" data-element_type=\"container\">\n\t\t\t\t\t<div class=\"e-con-inner\">\n\t\t<div class=\"elementor-element elementor-element-c9257a5 e-con-full e-flex e-con e-child\" data-id=\"c9257a5\" data-element_type=\"container\" data-settings=\"{&quot;background_background&quot;:&quot;classic&quot;}\">\n\t\t\t\t<div class=\"elementor-element elementor-element-b537b4b elementor-widget elementor-widget-heading\" data-id=\"b537b4b\" data-element_type=\"widget\" data-widget_type=\"heading.default\">\n\t\t\t\t<div class=\"elementor-widget-container\">\n\t\t\t<h1 class=\"elementor-heading-title elementor-size-default\">Notas legales<\/h1>\t\t<\/div>\n\t\t\t\t<\/div>\n\t\t\t\t<\/div>\n\t\t\t\t\t<\/div>\n\t\t\t\t<\/div>\n\t\t<div class=\"elementor-element elementor-element-9881349 e-flex e-con-boxed e-con e-parent\" data-id=\"9881349\" data-element_type=\"container\">\n\t\t\t\t\t<div class=\"e-con-inner\">\n\t\t\t\t<div class=\"elementor-element elementor-element-0f61f77 contenu-text elementor-widget elementor-widget-text-editor\" data-id=\"0f61f77\" data-element_type=\"widget\" data-widget_type=\"text-editor.default\">\n\t\t\t\t<div class=\"elementor-widget-container\">\n\t\t\t\t\t\t\t<h2>Responsable del sitio Web<\/h2><p>BRUNEL SAS Sociedad por Acciones Simplificada con un capital de 591 600 \u20ac y con sede social en la Zona Industrial de la Pilaterie- 16 rue Harald Stammbach \u2013 FR 59290 WASQUEHAL, inscrita en el Registro Mercantil de Lille con el n\u00famero B 378 517 148 \u2013 CIF N\u00b0: 378 517 148 000 11 \u2013 N\u00b0 de IVA intracomunitario: FR 04 378 517 148.<\/p><p>Director General: Jean-Pierre DANO<\/p><p>Tel: +33 (0) 3 20 43 21 80 \u2013 Fax: +33 (0) 3 20 43 21 90<\/p><p>Para contactarnos, utilice preferentemente el <a href=\"https:\/\/preprod-altair.com\/es\/contacto\/\">formulario de contacto del sitio Web<\/a> haciendo clic aqu\u00ed.<\/p><h2>Sitio Web editado por<\/h2><p>BRUNEL S.A.S.<br \/>Zone industrielle de la Pilaterie<br \/>16 rue Harald Stammbach<br \/>59290 WASQUEHAL<br \/>Registro Mercantil de LILLE B 378 517 148<br \/>Tel: +33 (0) 3 20 43 21 80 \u2013 Fax: +33 (0) 3 20 43 21 90<\/p><h2>Creazione del sito internet<\/h2><p>Web Design &amp; Development: <a href=\"https:\/\/www.devonly.fr\/\" target=\"_blank\" rel=\"noopener\">DevOnly &#8211; Cl\u00e9ment Bellier<\/a><\/p><h2>Derechos de marcas<\/h2><p>Las denominaciones sociales, marcas y signos distintivos reproducidos en el sitio Web est\u00e1n protegidos en concepto de derechos de marcas. La reproducci\u00f3n o representaci\u00f3n de todo o una parte de uno de los signos citados anteriormente est\u00e1 estrictamente prohibida y debe ser objeto de una autorizaci\u00f3n escrita previa por parte del titular de la marca.<\/p><h2>La creaci\u00f3n de enlaces hacia el sitio Web starwax.eu<\/h2><p>Todo hiperenlace que aluda al contenido del sitio Web debe ser objeto de una autorizaci\u00f3n por parte de la direcci\u00f3n de la publicaci\u00f3n. Esta autorizaci\u00f3n no se aplica a los sitios Web que difunden informaci\u00f3n de car\u00e1cter pol\u00e9mico, pornogr\u00e1fico, xen\u00f3fobo o que puedan, en mayor medida, perjudicar la sensibilidad de una mayor\u00eda o el orden p\u00fablico.<\/p><h2>Derecho de acceso y modificaci\u00f3n de los datos del usuario<\/h2><p>El usuario queda informado de que sus datos personales recogidos en los formularios de contacto, formularios de inscripci\u00f3n a la Newsletter, juegos, encuestas o cualquier otro cuestionario son objeto de un tratamiento por BRUNEL. Por \u201cInformaci\u00f3n Personal\u201d se entiende toda informaci\u00f3n que permita identificar a una persona. Se tratar\u00e1 a menudo de un nombre, una direcci\u00f3n, un n\u00famero de tel\u00e9fono o una direcci\u00f3n electr\u00f3nica.<\/p><p>Las informaciones recogidas son estrictamente confidenciales y est\u00e1n destinadas al uso exclusivo de la sociedad BRUNEL.<\/p><p>Algunas informaciones espec\u00edficas solicitadas en los formularios en l\u00ednea son obligatorias.<\/p><h2>Declaraci\u00f3n CNIL y datos nominativos<\/h2><p>Conforme a la ley n\u00b078-17 del 6 de enero de 1978 relativa a Inform\u00e1tica y Libertades, el tratamiento de los datos nominativos recogidos en el sitio Web starwax.eu ha sido objeto de una declaraci\u00f3n a la Comisi\u00f3n Nacional de Inform\u00e1tica y Libertades. El usuario dispone de un derecho de acceso, modificaci\u00f3n, oposici\u00f3n o cancelaci\u00f3n de los datos que le conciernen. Este derecho puede ejercerse enviando un correo a Brunel SAS \u2013 Service gestion du Site internet Starwax \u2013 CS 80206 \u2013 F 59445 WASQUEHAL o por email a <a href=\"mailto:contact@brunel.fr\">contact@brunel.fr<\/a>. Esta direcci\u00f3n e-mail est\u00e1 protegida contra los spambots, se debe activar Javascript para verla.<\/p><h2>Seguridad y confidencialidad en la red<\/h2><p>A pesar de poner en pr\u00e1ctica todos los medios para asegurar la seguridad y la confidencialidad en la red, algunos mensajes que nos env\u00edan a trav\u00e9s de Internet pueden ser interceptados por personas malintencionadas. No podemos garantizar su confidencialidad hasta que no lleguen a nosotros. El usuario deber\u00e1 asegurarse de no divulgar datos personales o confidenciales in\u00fatiles, sensibles o procedentes de un tercero.<\/p><p>Adem\u00e1s, la indicaci\u00f3n de la procedencia de los mensajes electr\u00f3nicos que recibimos puede ser falsificada.<\/p><p>Para obtener m\u00e1s informaci\u00f3n sobre los procedimientos a seguir en caso de que surja este tipo de problema, que sigue siendo raro a pesar de todo, p\u00f3ngase en contacto con BRUNEL SAS por escrito.<\/p><h2>Utilizaci\u00f3n de las informaciones del sitio starwax.eu y derechos de autor<\/h2><p>El uso de todo documento procedente del sitio starwax.eu s\u00f3lo est\u00e1 autorizado a t\u00edtulo informativo para un uso privado. Cualquier uso realizado con otros fines est\u00e1 expresamente prohibido. La sociedad BRUNEL SAS se esfuerza por asegurar, al m\u00e1ximo de sus posibilidades, la exactitud y la actualizaci\u00f3n de la informaci\u00f3n difundida en el sitio Web starwax.eu, de la que se reserva el derecho a corregir, en cualquier momento y sin preaviso, el contenido. Le corresponde a todo visitante del sitio comprobar eventualmente la informaci\u00f3n por otros medios, incluido contactando con la sociedad. La sociedad BRUNEL SAS declina toda responsabilidad:<\/p><ul><li>por toda imprecisi\u00f3n, inexactitud u omisi\u00f3n relativa a la informaci\u00f3n disponible en el sitio starwax.eu;<\/li><li>por todo da\u00f1o resultante de una intrusi\u00f3n fraudulenta de un tercero que haya producido una modificaci\u00f3n de la informaci\u00f3n puesta a disposici\u00f3n en el sitio starwax.eu;<\/li><li>y de forma general, por todo da\u00f1o, directo o indirecto, cualquiera que sea la causa, origen, naturaleza o consecuencia, provocado por el acceso de cualquier usuario al sitio starwax.eu o por la imposibilidad de acceder al mismo, al igual que el uso del sitio starwax.eu y\/o del cr\u00e9dito dado a una informaci\u00f3n cualquiera procedente directa o indirectamente de este \u00faltimo.<\/li><\/ul><p>Por otra parte, excepto indicaci\u00f3n contraria, los derechos de propiedad intelectual sobre los documentos contenidos en el sitio Web y cada uno de los elementos creados para este sitio son propiedad exclusiva de la sociedad BRUNEL SAS o de sus proveedores, estos \u00faltimos no conceden ninguna licencia, ni ning\u00fan derecho que no sea el de consultar el sitio starwax.eu.<\/p><p>La reproducci\u00f3n de todo documento publicado en el sitio starwax.eu est\u00e1 autorizada \u00fanica y exclusivamente para fines informativos para un uso personal y privado, toda reproducci\u00f3n y todo uso de copias realizadas para cualquier otro fin queda expresamente prohibida.<\/p><p>Todas las marcas citadas en el sitio starwax.eu pertenecen a sus sociedades respectivas. Todos los productos, logotipos, im\u00e1genes y de forma general, todos los objetos multimedia y textos citados en las p\u00e1ginas del sitio starwax.eu son propiedad de sus marcas respectivas. Las fotograf\u00edas que reproducen los productos no son contractuales.<\/p><h2>Informaci\u00f3n t\u00e9cnica<\/h2><p>El sitio starwax.eu est\u00e1 accesible las 24 horas del d\u00eda, 7 d\u00edas a la semana, excepto casos de fuerza mayor, dificultades inform\u00e1ticas, dificultades ligadas a la estructura de las redes de comunicaci\u00f3n o dificultades de orden t\u00e9cnico. Por motivos de mantenimiento, la sociedad BRUNEL SAS, o cualquier suministrador de servicio debidamente autorizado actuando por cuenta de la sociedad BRUNEL SAS, podr\u00e1 de forma temporal interrumpir en cualquier momento el sitio starwax.eu.<\/p>\t\t\t\t\t\t<\/div>\n\t\t\t\t<\/div>\n\t\t\t\t\t<\/div>\n\t\t\t\t<\/div>\n\t\t\t\t<\/div>\n\t\t","protected":false},"excerpt":{"rendered":"<p>Notas legales Responsable del sitio Web BRUNEL SAS Sociedad por Acciones Simplificada con un capital de 591 600 \u20ac y con sede social en la Zona Industrial de la Pilaterie- 16 rue Harald Stammbach \u2013 FR 59290 WASQUEHAL, inscrita en el Registro Mercantil de Lille con el n\u00famero B 378 517 148 \u2013 CIF N\u00b0: [&hellip;]<\/p>\n","protected":false},"author":1,"featured_media":0,"parent":0,"menu_order":0,"comment_status":"closed","ping_status":"closed","template":"elementor_header_footer","meta":{"_acf_changed":false,"footnotes":""},"class_list":["post-2238","page","type-page","status-publish","hentry"],"acf":[],"yoast_head":"<!-- This site is optimized with the Yoast SEO plugin v23.8 - https:\/\/yoast.com\/wordpress\/plugins\/seo\/ -->\n<title>Notas legales - Starwax - Produits d&#039;entretien pour la maison<\/title>\n<meta name=\"robots\" content=\"noindex, follow\" \/>\n<meta property=\"og:locale\" content=\"es_ES\" \/>\n<meta property=\"og:type\" content=\"article\" \/>\n<meta property=\"og:title\" content=\"Notas legales - Starwax - Produits d&#039;entretien pour la maison\" \/>\n<meta property=\"og:description\" content=\"Notas legales Responsable del sitio Web BRUNEL SAS Sociedad por Acciones Simplificada con un capital de 591 600 \u20ac y con sede social en la Zona Industrial de la Pilaterie- 16 rue Harald Stammbach \u2013 FR 59290 WASQUEHAL, inscrita en el Registro Mercantil de Lille con el n\u00famero B 378 517 148 \u2013 CIF N\u00b0: [&hellip;]\" \/>\n<meta property=\"og:url\" content=\"https:\/\/preprod-altair.com\/es\/mentions-legales\/\" \/>\n<meta property=\"og:site_name\" content=\"Starwax - Produits d&#039;entretien pour la maison\" \/>\n<meta property=\"article:publisher\" content=\"https:\/\/www.facebook.com\/starwaxbe\" \/>\n<meta property=\"article:modified_time\" content=\"2024-07-21T14:23:32+00:00\" \/>\n<meta name=\"twitter:card\" content=\"summary_large_image\" \/>\n<meta name=\"twitter:label1\" content=\"Tiempo de lectura\" \/>\n\t<meta name=\"twitter:data1\" content=\"5 minutos\" \/>\n<script type=\"application\/ld+json\" class=\"yoast-schema-graph\">{\"@context\":\"https:\/\/schema.org\",\"@graph\":[{\"@type\":\"WebPage\",\"@id\":\"https:\/\/preprod-altair.com\/es\/mentions-legales\/\",\"url\":\"https:\/\/preprod-altair.com\/es\/mentions-legales\/\",\"name\":\"Notas legales - Starwax - Produits d&#039;entretien pour la maison\",\"isPartOf\":{\"@id\":\"https:\/\/preprod-altair.com\/es\/#website\"},\"datePublished\":\"2024-07-17T08:28:24+00:00\",\"dateModified\":\"2024-07-21T14:23:32+00:00\",\"breadcrumb\":{\"@id\":\"https:\/\/preprod-altair.com\/es\/mentions-legales\/#breadcrumb\"},\"inLanguage\":\"es\",\"potentialAction\":[{\"@type\":\"ReadAction\",\"target\":[\"https:\/\/preprod-altair.com\/es\/mentions-legales\/\"]}]},{\"@type\":\"BreadcrumbList\",\"@id\":\"https:\/\/preprod-altair.com\/es\/mentions-legales\/#breadcrumb\",\"itemListElement\":[{\"@type\":\"ListItem\",\"position\":1,\"name\":\"Inicio\",\"item\":\"https:\/\/preprod-altair.com\/es\/\"},{\"@type\":\"ListItem\",\"position\":2,\"name\":\"Notas legales\"}]},{\"@type\":\"WebSite\",\"@id\":\"https:\/\/preprod-altair.com\/es\/#website\",\"url\":\"https:\/\/preprod-altair.com\/es\/\",\"name\":\"Starwax - Produits d'entretien pour la maison\",\"description\":\"\",\"publisher\":{\"@id\":\"https:\/\/preprod-altair.com\/es\/#organization\"},\"potentialAction\":[{\"@type\":\"SearchAction\",\"target\":{\"@type\":\"EntryPoint\",\"urlTemplate\":\"https:\/\/preprod-altair.com\/es\/?s={search_term_string}\"},\"query-input\":{\"@type\":\"PropertyValueSpecification\",\"valueRequired\":true,\"valueName\":\"search_term_string\"}}],\"inLanguage\":\"es\"},{\"@type\":\"Organization\",\"@id\":\"https:\/\/preprod-altair.com\/es\/#organization\",\"name\":\"Starwax - Produits d'entretien pour la maison\",\"url\":\"https:\/\/preprod-altair.com\/es\/\",\"logo\":{\"@type\":\"ImageObject\",\"inLanguage\":\"es\",\"@id\":\"https:\/\/preprod-altair.com\/es\/#\/schema\/logo\/image\/\",\"url\":\"https:\/\/preprod-altair.com\/wp-content\/uploads\/2024\/06\/logo-starwax.svg\",\"contentUrl\":\"https:\/\/preprod-altair.com\/wp-content\/uploads\/2024\/06\/logo-starwax.svg\",\"width\":150,\"height\":61,\"caption\":\"Starwax - Produits d'entretien pour la maison\"},\"image\":{\"@id\":\"https:\/\/preprod-altair.com\/es\/#\/schema\/logo\/image\/\"},\"sameAs\":[\"https:\/\/www.facebook.com\/starwaxbe\"]}]}<\/script>\n<!-- \/ Yoast SEO plugin. -->","yoast_head_json":{"title":"Notas legales - Starwax - Produits d&#039;entretien pour la maison","robots":{"index":"noindex","follow":"follow"},"og_locale":"es_ES","og_type":"article","og_title":"Notas legales - Starwax - Produits d&#039;entretien pour la maison","og_description":"Notas legales Responsable del sitio Web BRUNEL SAS Sociedad por Acciones Simplificada con un capital de 591 600 \u20ac y con sede social en la Zona Industrial de la Pilaterie- 16 rue Harald Stammbach \u2013 FR 59290 WASQUEHAL, inscrita en el Registro Mercantil de Lille con el n\u00famero B 378 517 148 \u2013 CIF N\u00b0: [&hellip;]","og_url":"https:\/\/preprod-altair.com\/es\/mentions-legales\/","og_site_name":"Starwax - Produits d&#039;entretien pour la maison","article_publisher":"https:\/\/www.facebook.com\/starwaxbe","article_modified_time":"2024-07-21T14:23:32+00:00","twitter_card":"summary_large_image","twitter_misc":{"Tiempo de lectura":"5 minutos"},"schema":{"@context":"https:\/\/schema.org","@graph":[{"@type":"WebPage","@id":"https:\/\/preprod-altair.com\/es\/mentions-legales\/","url":"https:\/\/preprod-altair.com\/es\/mentions-legales\/","name":"Notas legales - Starwax - Produits d&#039;entretien pour la maison","isPartOf":{"@id":"https:\/\/preprod-altair.com\/es\/#website"},"datePublished":"2024-07-17T08:28:24+00:00","dateModified":"2024-07-21T14:23:32+00:00","breadcrumb":{"@id":"https:\/\/preprod-altair.com\/es\/mentions-legales\/#breadcrumb"},"inLanguage":"es","potentialAction":[{"@type":"ReadAction","target":["https:\/\/preprod-altair.com\/es\/mentions-legales\/"]}]},{"@type":"BreadcrumbList","@id":"https:\/\/preprod-altair.com\/es\/mentions-legales\/#breadcrumb","itemListElement":[{"@type":"ListItem","position":1,"name":"Inicio","item":"https:\/\/preprod-altair.com\/es\/"},{"@type":"ListItem","position":2,"name":"Notas legales"}]},{"@type":"WebSite","@id":"https:\/\/preprod-altair.com\/es\/#website","url":"https:\/\/preprod-altair.com\/es\/","name":"Starwax - Produits d'entretien pour la maison","description":"","publisher":{"@id":"https:\/\/preprod-altair.com\/es\/#organization"},"potentialAction":[{"@type":"SearchAction","target":{"@type":"EntryPoint","urlTemplate":"https:\/\/preprod-altair.com\/es\/?s={search_term_string}"},"query-input":{"@type":"PropertyValueSpecification","valueRequired":true,"valueName":"search_term_string"}}],"inLanguage":"es"},{"@type":"Organization","@id":"https:\/\/preprod-altair.com\/es\/#organization","name":"Starwax - Produits d'entretien pour la maison","url":"https:\/\/preprod-altair.com\/es\/","logo":{"@type":"ImageObject","inLanguage":"es","@id":"https:\/\/preprod-altair.com\/es\/#\/schema\/logo\/image\/","url":"https:\/\/preprod-altair.com\/wp-content\/uploads\/2024\/06\/logo-starwax.svg","contentUrl":"https:\/\/preprod-altair.com\/wp-content\/uploads\/2024\/06\/logo-starwax.svg","width":150,"height":61,"caption":"Starwax - Produits d'entretien pour la maison"},"image":{"@id":"https:\/\/preprod-altair.com\/es\/#\/schema\/logo\/image\/"},"sameAs":["https:\/\/www.facebook.com\/starwaxbe"]}]}},"_links":{"self":[{"href":"https:\/\/preprod-altair.com\/es\/wp-json\/wp\/v2\/pages\/2238","targetHints":{"allow":["GET"]}}],"collection":[{"href":"https:\/\/preprod-altair.com\/es\/wp-json\/wp\/v2\/pages"}],"about":[{"href":"https:\/\/preprod-altair.com\/es\/wp-json\/wp\/v2\/types\/page"}],"author":[{"embeddable":true,"href":"https:\/\/preprod-altair.com\/es\/wp-json\/wp\/v2\/users\/1"}],"replies":[{"embeddable":true,"href":"https:\/\/preprod-altair.com\/es\/wp-json\/wp\/v2\/comments?post=2238"}],"version-history":[{"count":0,"href":"https:\/\/preprod-altair.com\/es\/wp-json\/wp\/v2\/pages\/2238\/revisions"}],"wp:attachment":[{"href":"https:\/\/preprod-altair.com\/es\/wp-json\/wp\/v2\/media?parent=2238"}],"curies":[{"name":"wp","href":"https:\/\/api.w.org\/{rel}","templated":true}]}}