{"id":645,"date":"2024-07-17T10:28:24","date_gmt":"2024-07-17T08:28:24","guid":{"rendered":"https:\/\/preprod-altair.com\/?page_id=645"},"modified":"2024-07-21T16:06:14","modified_gmt":"2024-07-21T14:06:14","slug":"mentions-legales","status":"publish","type":"page","link":"https:\/\/preprod-altair.com\/fr-be\/mentions-legales\/","title":{"rendered":"Mentions l\u00e9gales"},"content":{"rendered":"\t\t<div data-elementor-type=\"wp-page\" data-elementor-id=\"645\" class=\"elementor elementor-645\" data-elementor-post-type=\"page\">\n\t\t\t\t<div class=\"elementor-element elementor-element-b96d668 e-flex e-con-boxed e-con e-parent\" data-id=\"b96d668\" data-element_type=\"container\">\n\t\t\t\t\t<div class=\"e-con-inner\">\n\t\t\t\t<div class=\"elementor-element elementor-element-e9934c8 elementor-widget elementor-widget-breadcrumbs\" data-id=\"e9934c8\" data-element_type=\"widget\" data-widget_type=\"breadcrumbs.default\">\n\t\t\t\t<div class=\"elementor-widget-container\">\n\t\t\t<p id=\"breadcrumbs\"><span><span><a href=\"https:\/\/preprod-altair.com\/fr-be\/\">Accueil<\/a><\/span><\/span><\/p>\t\t<\/div>\n\t\t\t\t<\/div>\n\t\t\t\t\t<\/div>\n\t\t\t\t<\/div>\n\t\t<div class=\"elementor-element elementor-element-23cda85 e-flex e-con-boxed e-con e-parent\" data-id=\"23cda85\" data-element_type=\"container\">\n\t\t\t\t\t<div class=\"e-con-inner\">\n\t\t<div class=\"elementor-element elementor-element-c9257a5 e-con-full e-flex e-con e-child\" data-id=\"c9257a5\" data-element_type=\"container\" data-settings=\"{&quot;background_background&quot;:&quot;classic&quot;}\">\n\t\t\t\t<div class=\"elementor-element elementor-element-b537b4b elementor-widget elementor-widget-heading\" data-id=\"b537b4b\" data-element_type=\"widget\" data-widget_type=\"heading.default\">\n\t\t\t\t<div class=\"elementor-widget-container\">\n\t\t\t<h1 class=\"elementor-heading-title elementor-size-default\">Mentions l\u00e9gales<\/h1>\t\t<\/div>\n\t\t\t\t<\/div>\n\t\t\t\t<\/div>\n\t\t\t\t\t<\/div>\n\t\t\t\t<\/div>\n\t\t<div class=\"elementor-element elementor-element-9881349 e-flex e-con-boxed e-con e-parent\" data-id=\"9881349\" data-element_type=\"container\">\n\t\t\t\t\t<div class=\"e-con-inner\">\n\t\t\t\t<div class=\"elementor-element elementor-element-0f61f77 contenu-text elementor-widget elementor-widget-text-editor\" data-id=\"0f61f77\" data-element_type=\"widget\" data-widget_type=\"text-editor.default\">\n\t\t\t\t<div class=\"elementor-widget-container\">\n\t\t\t\t\t\t\t<h2>Responsable du site Web<\/h2><p>BRUNEL SAS Soci\u00e9t\u00e9 par Actions Simplifi\u00e9e au capital de 591 600 \u20ac et dont le si\u00e8ge social est situ\u00e9 \u00e0 la Zone Industrielle de la Pilaterie, 16 rue Harald Stammbach, FR 59290 WASQUEHAL, inscrite au Registre du Commerce et des Soci\u00e9t\u00e9s de Lille sous le num\u00e9ro B 378 517 148 \u2013 SIRET : 378 517 148 000 11 \u2013 N\u00b0 de TVA intracommunautaire : FR 04 378 517 148.<\/p><p>Directeur G\u00e9n\u00e9ral : Jean-Pierre DANO<\/p><p>T\u00e9l. : +33 (0) 3 20 43 21 80 \u2013 Fax : +33 (0) 3 20 43 21 90<\/p><p>Pour nous contacter, veuillez de pr\u00e9f\u00e9rence utiliser le formulaire de contact du site en cliquant <a href=\"https:\/\/preprod-altair.com\/contact\/\">ici<\/a>.<\/p><h2>Site Web \u00e9dit\u00e9 par<\/h2><p>BRUNEL S.A.S.<br \/>Zone industrielle de la Pilaterie<br \/>16 rue Harald Stammbach<br \/>59290 WASQUEHAL<br \/>RCS LILLE B 378 517 148<br \/>T\u00e9l. : +33 (0) 3 20 43 21 80 \u2013 Fax : +33 (0) 3 20 43 21 90<\/p><h2>Cr\u00e9ation du site internet<\/h2><p>Web Design &amp; Development : <a href=\"https:\/\/www.devonly.fr\/\" target=\"_blank\" rel=\"noopener\">DevOnly &#8211; Cl\u00e9ment Bellier<\/a><\/p><h2>Droits des marques<\/h2><p>Les d\u00e9nominations sociales, marques et signes distinctifs reproduits sur le site Web sont prot\u00e9g\u00e9s au titre des droits des marques. La reproduction ou repr\u00e9sentation de tout ou partie de l&rsquo;un des signes cit\u00e9s ci-dessus est strictement interdite et doit faire l&rsquo;objet d&rsquo;une autorisation \u00e9crite pr\u00e9alable du titulaire de la marque.<\/p><h2>Cr\u00e9ation de liens vers le site Web starwax.eu<\/h2><p>Tout lien hypertexte pointant vers le contenu du site Web doit faire l&rsquo;objet d&rsquo;une autorisation de la direction de la publication. Cette autorisation ne s&rsquo;applique pas aux sites Web diffusant des informations de caract\u00e8re pol\u00e9mique, pornographique, x\u00e9nophobe ou pouvant, dans une plus large mesure, porter atteinte \u00e0 la sensibilit\u00e9 de la majorit\u00e9 des personnes ou \u00e0 l&rsquo;ordre public.<\/p><h2>Droit d&rsquo;acc\u00e8s et de modification des donn\u00e9es de l&rsquo;utilisateur<\/h2><p>L&rsquo;utilisateur est inform\u00e9 que ses donn\u00e9es personnelles recueillies dans le cadre des formulaires de contact, des formulaires d&rsquo;inscription \u00e0 la Newsletter, des jeux, des enqu\u00eates ou tout autre questionnaire font l&rsquo;objet d&rsquo;un traitement par BRUNEL. Par \u00ab\u00a0Informations Personnelles\u00a0\u00bb, on entend toute information permettant d&rsquo;identifier une personne. Il s&rsquo;agira souvent d&rsquo;un nom, d&rsquo;une adresse, d&rsquo;un num\u00e9ro de t\u00e9l\u00e9phone ou d&rsquo;une adresse \u00e9lectronique.<\/p><p>Les informations recueillies sont strictement confidentielles et destin\u00e9es \u00e0 l&rsquo;usage exclusif de la soci\u00e9t\u00e9 BRUNEL.<\/p><p>Certaines informations sp\u00e9cifiques demand\u00e9es dans les formulaires en ligne sont obligatoires.<\/p><h2>D\u00e9claration CNIL et donn\u00e9es nominatives<\/h2><p>Conform\u00e9ment \u00e0 la loi n\u00b078-17 du 6 janvier 1978 relative \u00e0 l&rsquo;informatique, aux fichiers et aux libert\u00e9s, le traitement des donn\u00e9es nominatives recueillies sur le site Web starwax.eu a fait l&rsquo;objet d&rsquo;une d\u00e9claration aupr\u00e8s de la Commission Nationale de l&rsquo;Informatique et des Libert\u00e9s. L&rsquo;utilisateur dispose d&rsquo;un droit d&rsquo;acc\u00e8s, de modification, d&rsquo;opposition ou de suppression des donn\u00e9es le concernant. Ce droit peut \u00eatre exerc\u00e9 en \u00e9crivant \u00e0 Brunel SAS \u2013 Service gestion du Site internet Starwax \u2013 CS 80206 \u2013 F 59445 WASQUEHAL ou par email \u00e0 <a href=\"mailto:contact@brunel.fr\">contact@brunel.fr<\/a>. Cette adresse e-mail est prot\u00e9g\u00e9e contre les spambots, vous devez activer Javascript pour la voir.<\/p><h2>S\u00e9curit\u00e9 et confidentialit\u00e9 sur le r\u00e9seau<\/h2><p>Bien que nous mettions en \u0153uvre tous les moyens pour assurer la s\u00e9curit\u00e9 et la confidentialit\u00e9 sur le r\u00e9seau, certains messages que vous nous envoyez via Internet peuvent \u00eatre intercept\u00e9s par des personnes malintentionn\u00e9es. Nous ne pouvons garantir leur confidentialit\u00e9 jusqu&rsquo;\u00e0 ce qu&rsquo;ils nous parviennent. L&rsquo;utilisateur doit s&rsquo;assurer de ne pas divulguer des donn\u00e9es personnelles ou confidentielles inutiles, sensibles ou provenant d&rsquo;un tiers.<\/p><p>De plus, l&rsquo;indication de l&rsquo;origine des messages \u00e9lectroniques que nous recevons peut \u00eatre falsifi\u00e9e.<\/p><p>Pour obtenir plus d&rsquo;informations sur les proc\u00e9dures \u00e0 suivre en cas de survenance de ce type de probl\u00e8me, qui reste malgr\u00e9 tout rare, veuillez contacter BRUNEL SAS par \u00e9crit.<\/p><h2>Utilisation des informations du site starwax.eu et droits d&rsquo;auteur<\/h2><p>L&rsquo;utilisation de tout document provenant du site starwax.eu est autoris\u00e9e uniquement \u00e0 titre d&rsquo;information pour un usage priv\u00e9. Toute utilisation effectu\u00e9e \u00e0 d&rsquo;autres fins est express\u00e9ment interdite. La soci\u00e9t\u00e9 BRUNEL SAS s&rsquo;efforce d&rsquo;assurer au mieux de ses possibilit\u00e9s l&rsquo;exactitude et la mise \u00e0 jour des informations diffus\u00e9es sur le site Web starwax.eu, dont elle se r\u00e9serve le droit de corriger, \u00e0 tout moment et sans pr\u00e9avis, le contenu. Il incombe \u00e0 chaque utilisateur du site de v\u00e9rifier \u00e9ventuellement l&rsquo;information par d&rsquo;autres moyens, y compris en contactant la soci\u00e9t\u00e9. La soci\u00e9t\u00e9 BRUNEL SAS d\u00e9cline toute responsabilit\u00e9 :<\/p><ul><li>pour toute impr\u00e9cision, inexactitude ou omission portant sur des informations disponibles sur le site starwax.eu;<\/li><li>pour tout dommage r\u00e9sultant d&rsquo;une intrusion frauduleuse d&rsquo;un tiers ayant entra\u00een\u00e9 une modification des informations mises \u00e0 disposition sur le site starwax.eu;<\/li><li>et de mani\u00e8re g\u00e9n\u00e9rale, pour tout dommage, direct ou indirect, quelles qu&rsquo;en soient les causes, origines, natures ou cons\u00e9quences, provoqu\u00e9 par l&rsquo;acc\u00e8s de quiconque au site starwax.eu ou par l&rsquo;impossibilit\u00e9 d&rsquo;y acc\u00e9der, ainsi que par l&rsquo;utilisation du site starwax.eu et\/ou par le cr\u00e9dit accord\u00e9 \u00e0 une information provenant directement ou indirectement de ce dernier.<\/li><\/ul><p>Par ailleurs, sauf mention contraire, les droits de propri\u00e9t\u00e9 intellectuelle sur les documents contenus dans le site Web et chacun des \u00e9l\u00e9ments cr\u00e9\u00e9s pour ce site sont la propri\u00e9t\u00e9 exclusive de la soci\u00e9t\u00e9 BRUNEL SAS ou de ses fournisseurs, ces derniers ne conc\u00e9dant aucune licence, ni aucun droit autre que celui de consulter le site starwax.eu.<\/p><p>La reproduction de tous documents publi\u00e9s sur le site starwax.eu est autoris\u00e9e exclusivement \u00e0 des fins d&rsquo;information pour un usage personnel et priv\u00e9, toute reproduction et tout usage de copies r\u00e9alis\u00e9s \u00e0 d&rsquo;autres fins est express\u00e9ment interdit.<\/p><p>Toutes les marques cit\u00e9es sur le site starwax.eu appartiennent \u00e0 leurs soci\u00e9t\u00e9s respectives. Tous les produits, logos, images et plus g\u00e9n\u00e9ralement tous les objets multim\u00e9dia et textes cit\u00e9s dans les pages du site starwax.eu sont la propri\u00e9t\u00e9 de leurs marques respectives. Les photographies reproduisant les produits ne sont pas contractuelles.<\/p><h2>Informations techniques<\/h2><p>Le site starwax.eu est accessible 24 heures sur 24 et 7 jours sur 7, sauf en cas de force majeure, de difficult\u00e9s informatiques, de difficult\u00e9s li\u00e9es \u00e0 la structure des r\u00e9seaux de communication ou de difficult\u00e9s d&rsquo;ordre technique. Pour des raisons de maintenance, la soci\u00e9t\u00e9 BRUNEL SAS, ou tout prestataire de service d\u00fbment autoris\u00e9 agissant pour le compte de la soci\u00e9t\u00e9 BRUNEL SAS, pourra interrompre temporairement et \u00e0 tout moment le site starwax.eu.<\/p><p>\u00a0<\/p>\t\t\t\t\t\t<\/div>\n\t\t\t\t<\/div>\n\t\t\t\t\t<\/div>\n\t\t\t\t<\/div>\n\t\t\t\t<\/div>\n\t\t","protected":false},"excerpt":{"rendered":"<p>Mentions l\u00e9gales Responsable du site Web BRUNEL SAS Soci\u00e9t\u00e9 par Actions Simplifi\u00e9e au capital de 591 600 \u20ac et dont le si\u00e8ge social est situ\u00e9 \u00e0 la Zone Industrielle de la Pilaterie, 16 rue Harald Stammbach, FR 59290 WASQUEHAL, inscrite au Registre du Commerce et des Soci\u00e9t\u00e9s de Lille sous le num\u00e9ro B 378 517 [&hellip;]<\/p>\n","protected":false},"author":1,"featured_media":0,"parent":0,"menu_order":0,"comment_status":"closed","ping_status":"closed","template":"elementor_header_footer","meta":{"_acf_changed":false,"footnotes":""},"class_list":["post-645","page","type-page","status-publish","hentry"],"acf":[],"yoast_head":"<!-- This site is optimized with the Yoast SEO plugin v23.8 - https:\/\/yoast.com\/wordpress\/plugins\/seo\/ -->\n<title>Mentions l\u00e9gales - Starwax - Produits d&#039;entretien pour la maison<\/title>\n<meta name=\"robots\" content=\"noindex, follow\" \/>\n<meta property=\"og:locale\" content=\"fr_FR\" \/>\n<meta property=\"og:type\" content=\"article\" \/>\n<meta property=\"og:title\" content=\"Mentions l\u00e9gales - Starwax - Produits d&#039;entretien pour la maison\" \/>\n<meta property=\"og:description\" content=\"Mentions l\u00e9gales Responsable du site Web BRUNEL SAS Soci\u00e9t\u00e9 par Actions Simplifi\u00e9e au capital de 591 600 \u20ac et dont le si\u00e8ge social est situ\u00e9 \u00e0 la Zone Industrielle de la Pilaterie, 16 rue Harald Stammbach, FR 59290 WASQUEHAL, inscrite au Registre du Commerce et des Soci\u00e9t\u00e9s de Lille sous le num\u00e9ro B 378 517 [&hellip;]\" \/>\n<meta property=\"og:url\" content=\"https:\/\/preprod-altair.com\/fr-be\/mentions-legales\/\" \/>\n<meta property=\"og:site_name\" content=\"Starwax - Produits d&#039;entretien pour la maison\" \/>\n<meta property=\"article:publisher\" content=\"https:\/\/www.facebook.com\/starwaxbe\" \/>\n<meta property=\"article:modified_time\" content=\"2024-07-21T14:06:14+00:00\" \/>\n<meta name=\"twitter:card\" content=\"summary_large_image\" \/>\n<meta name=\"twitter:label1\" content=\"Dur\u00e9e de lecture est.\" \/>\n\t<meta name=\"twitter:data1\" content=\"6 minutes\" \/>\n<script type=\"application\/ld+json\" class=\"yoast-schema-graph\">{\"@context\":\"https:\/\/schema.org\",\"@graph\":[{\"@type\":\"WebPage\",\"@id\":\"https:\/\/preprod-altair.com\/fr-be\/mentions-legales\/\",\"url\":\"https:\/\/preprod-altair.com\/fr-be\/mentions-legales\/\",\"name\":\"Mentions l\u00e9gales - Starwax - Produits d&#039;entretien pour la maison\",\"isPartOf\":{\"@id\":\"https:\/\/preprod-altair.com\/fr-be\/#website\"},\"datePublished\":\"2024-07-17T08:28:24+00:00\",\"dateModified\":\"2024-07-21T14:06:14+00:00\",\"breadcrumb\":{\"@id\":\"https:\/\/preprod-altair.com\/fr-be\/mentions-legales\/#breadcrumb\"},\"inLanguage\":\"fr-BE\",\"potentialAction\":[{\"@type\":\"ReadAction\",\"target\":[\"https:\/\/preprod-altair.com\/fr-be\/mentions-legales\/\"]}]},{\"@type\":\"BreadcrumbList\",\"@id\":\"https:\/\/preprod-altair.com\/fr-be\/mentions-legales\/#breadcrumb\",\"itemListElement\":[{\"@type\":\"ListItem\",\"position\":1,\"name\":\"Accueil\",\"item\":\"https:\/\/preprod-altair.com\/fr-be\/\"},{\"@type\":\"ListItem\",\"position\":2,\"name\":\"Mentions l\u00e9gales\"}]},{\"@type\":\"WebSite\",\"@id\":\"https:\/\/preprod-altair.com\/fr-be\/#website\",\"url\":\"https:\/\/preprod-altair.com\/fr-be\/\",\"name\":\"Starwax - Produits d'entretien pour la maison\",\"description\":\"\",\"publisher\":{\"@id\":\"https:\/\/preprod-altair.com\/fr-be\/#organization\"},\"potentialAction\":[{\"@type\":\"SearchAction\",\"target\":{\"@type\":\"EntryPoint\",\"urlTemplate\":\"https:\/\/preprod-altair.com\/fr-be\/?s={search_term_string}\"},\"query-input\":{\"@type\":\"PropertyValueSpecification\",\"valueRequired\":true,\"valueName\":\"search_term_string\"}}],\"inLanguage\":\"fr-BE\"},{\"@type\":\"Organization\",\"@id\":\"https:\/\/preprod-altair.com\/fr-be\/#organization\",\"name\":\"Starwax - Produits d'entretien pour la maison\",\"url\":\"https:\/\/preprod-altair.com\/fr-be\/\",\"logo\":{\"@type\":\"ImageObject\",\"inLanguage\":\"fr-BE\",\"@id\":\"https:\/\/preprod-altair.com\/fr-be\/#\/schema\/logo\/image\/\",\"url\":\"https:\/\/preprod-altair.com\/wp-content\/uploads\/2024\/06\/logo-starwax.svg\",\"contentUrl\":\"https:\/\/preprod-altair.com\/wp-content\/uploads\/2024\/06\/logo-starwax.svg\",\"width\":150,\"height\":61,\"caption\":\"Starwax - Produits d'entretien pour la maison\"},\"image\":{\"@id\":\"https:\/\/preprod-altair.com\/fr-be\/#\/schema\/logo\/image\/\"},\"sameAs\":[\"https:\/\/www.facebook.com\/starwaxbe\"]}]}<\/script>\n<!-- \/ Yoast SEO plugin. -->","yoast_head_json":{"title":"Mentions l\u00e9gales - Starwax - Produits d&#039;entretien pour la maison","robots":{"index":"noindex","follow":"follow"},"og_locale":"fr_FR","og_type":"article","og_title":"Mentions l\u00e9gales - Starwax - Produits d&#039;entretien pour la maison","og_description":"Mentions l\u00e9gales Responsable du site Web BRUNEL SAS Soci\u00e9t\u00e9 par Actions Simplifi\u00e9e au capital de 591 600 \u20ac et dont le si\u00e8ge social est situ\u00e9 \u00e0 la Zone Industrielle de la Pilaterie, 16 rue Harald Stammbach, FR 59290 WASQUEHAL, inscrite au Registre du Commerce et des Soci\u00e9t\u00e9s de Lille sous le num\u00e9ro B 378 517 [&hellip;]","og_url":"https:\/\/preprod-altair.com\/fr-be\/mentions-legales\/","og_site_name":"Starwax - Produits d&#039;entretien pour la maison","article_publisher":"https:\/\/www.facebook.com\/starwaxbe","article_modified_time":"2024-07-21T14:06:14+00:00","twitter_card":"summary_large_image","twitter_misc":{"Dur\u00e9e de lecture est.":"6 minutes"},"schema":{"@context":"https:\/\/schema.org","@graph":[{"@type":"WebPage","@id":"https:\/\/preprod-altair.com\/fr-be\/mentions-legales\/","url":"https:\/\/preprod-altair.com\/fr-be\/mentions-legales\/","name":"Mentions l\u00e9gales - Starwax - Produits d&#039;entretien pour la maison","isPartOf":{"@id":"https:\/\/preprod-altair.com\/fr-be\/#website"},"datePublished":"2024-07-17T08:28:24+00:00","dateModified":"2024-07-21T14:06:14+00:00","breadcrumb":{"@id":"https:\/\/preprod-altair.com\/fr-be\/mentions-legales\/#breadcrumb"},"inLanguage":"fr-BE","potentialAction":[{"@type":"ReadAction","target":["https:\/\/preprod-altair.com\/fr-be\/mentions-legales\/"]}]},{"@type":"BreadcrumbList","@id":"https:\/\/preprod-altair.com\/fr-be\/mentions-legales\/#breadcrumb","itemListElement":[{"@type":"ListItem","position":1,"name":"Accueil","item":"https:\/\/preprod-altair.com\/fr-be\/"},{"@type":"ListItem","position":2,"name":"Mentions l\u00e9gales"}]},{"@type":"WebSite","@id":"https:\/\/preprod-altair.com\/fr-be\/#website","url":"https:\/\/preprod-altair.com\/fr-be\/","name":"Starwax - Produits d'entretien pour la maison","description":"","publisher":{"@id":"https:\/\/preprod-altair.com\/fr-be\/#organization"},"potentialAction":[{"@type":"SearchAction","target":{"@type":"EntryPoint","urlTemplate":"https:\/\/preprod-altair.com\/fr-be\/?s={search_term_string}"},"query-input":{"@type":"PropertyValueSpecification","valueRequired":true,"valueName":"search_term_string"}}],"inLanguage":"fr-BE"},{"@type":"Organization","@id":"https:\/\/preprod-altair.com\/fr-be\/#organization","name":"Starwax - Produits d'entretien pour la maison","url":"https:\/\/preprod-altair.com\/fr-be\/","logo":{"@type":"ImageObject","inLanguage":"fr-BE","@id":"https:\/\/preprod-altair.com\/fr-be\/#\/schema\/logo\/image\/","url":"https:\/\/preprod-altair.com\/wp-content\/uploads\/2024\/06\/logo-starwax.svg","contentUrl":"https:\/\/preprod-altair.com\/wp-content\/uploads\/2024\/06\/logo-starwax.svg","width":150,"height":61,"caption":"Starwax - Produits d'entretien pour la maison"},"image":{"@id":"https:\/\/preprod-altair.com\/fr-be\/#\/schema\/logo\/image\/"},"sameAs":["https:\/\/www.facebook.com\/starwaxbe"]}]}},"_links":{"self":[{"href":"https:\/\/preprod-altair.com\/fr-be\/wp-json\/wp\/v2\/pages\/645","targetHints":{"allow":["GET"]}}],"collection":[{"href":"https:\/\/preprod-altair.com\/fr-be\/wp-json\/wp\/v2\/pages"}],"about":[{"href":"https:\/\/preprod-altair.com\/fr-be\/wp-json\/wp\/v2\/types\/page"}],"author":[{"embeddable":true,"href":"https:\/\/preprod-altair.com\/fr-be\/wp-json\/wp\/v2\/users\/1"}],"replies":[{"embeddable":true,"href":"https:\/\/preprod-altair.com\/fr-be\/wp-json\/wp\/v2\/comments?post=645"}],"version-history":[{"count":0,"href":"https:\/\/preprod-altair.com\/fr-be\/wp-json\/wp\/v2\/pages\/645\/revisions"}],"wp:attachment":[{"href":"https:\/\/preprod-altair.com\/fr-be\/wp-json\/wp\/v2\/media?parent=645"}],"curies":[{"name":"wp","href":"https:\/\/api.w.org\/{rel}","templated":true}]}}