{"id":2232,"date":"2024-07-17T10:28:24","date_gmt":"2024-07-17T08:28:24","guid":{"rendered":"https:\/\/preprod-altair.com\/mentions-legales\/"},"modified":"2024-07-21T16:18:34","modified_gmt":"2024-07-21T14:18:34","slug":"mentions-legales","status":"publish","type":"page","link":"https:\/\/preprod-altair.com\/it\/mentions-legales\/","title":{"rendered":"Informazioni legali"},"content":{"rendered":"\t\t<div data-elementor-type=\"wp-page\" data-elementor-id=\"2232\" class=\"elementor elementor-2232 elementor-645\" data-elementor-post-type=\"page\">\n\t\t\t\t<div class=\"elementor-element elementor-element-b96d668 e-flex e-con-boxed e-con e-parent\" data-id=\"b96d668\" data-element_type=\"container\">\n\t\t\t\t\t<div class=\"e-con-inner\">\n\t\t\t\t<div class=\"elementor-element elementor-element-e9934c8 elementor-widget elementor-widget-breadcrumbs\" data-id=\"e9934c8\" data-element_type=\"widget\" data-widget_type=\"breadcrumbs.default\">\n\t\t\t\t<div class=\"elementor-widget-container\">\n\t\t\t<p id=\"breadcrumbs\"><span><span><a href=\"https:\/\/preprod-altair.com\/it\/\">Home<\/a><\/span><\/span><\/p>\t\t<\/div>\n\t\t\t\t<\/div>\n\t\t\t\t\t<\/div>\n\t\t\t\t<\/div>\n\t\t<div class=\"elementor-element elementor-element-23cda85 e-flex e-con-boxed e-con e-parent\" data-id=\"23cda85\" data-element_type=\"container\">\n\t\t\t\t\t<div class=\"e-con-inner\">\n\t\t<div class=\"elementor-element elementor-element-c9257a5 e-con-full e-flex e-con e-child\" data-id=\"c9257a5\" data-element_type=\"container\" data-settings=\"{&quot;background_background&quot;:&quot;classic&quot;}\">\n\t\t\t\t<div class=\"elementor-element elementor-element-b537b4b elementor-widget elementor-widget-heading\" data-id=\"b537b4b\" data-element_type=\"widget\" data-widget_type=\"heading.default\">\n\t\t\t\t<div class=\"elementor-widget-container\">\n\t\t\t<h1 class=\"elementor-heading-title elementor-size-default\">Informazioni legali<\/h1>\t\t<\/div>\n\t\t\t\t<\/div>\n\t\t\t\t<\/div>\n\t\t\t\t\t<\/div>\n\t\t\t\t<\/div>\n\t\t<div class=\"elementor-element elementor-element-9881349 e-flex e-con-boxed e-con e-parent\" data-id=\"9881349\" data-element_type=\"container\">\n\t\t\t\t\t<div class=\"e-con-inner\">\n\t\t\t\t<div class=\"elementor-element elementor-element-0f61f77 contenu-text elementor-widget elementor-widget-text-editor\" data-id=\"0f61f77\" data-element_type=\"widget\" data-widget_type=\"text-editor.default\">\n\t\t\t\t<div class=\"elementor-widget-container\">\n\t\t\t\t\t\t\t<h2>Responsabile del sito<\/h2><p>BRUNEL SAS Societ\u00e0 anonima semplificata con capitale di 591 600 \u20ac, con sede sociale in Zone industrielle de la Pilaterie \u2013 16 rue Harald Stammbach \u2013 FR 59290 WASQUEHAL, Registrata presso il registro di commercio e delle societ\u00e0 di Lilla al numero B 378 517 148 \u2013 N\u00b0 di Siret: 378 517 148 000 11 \u2013 Partita IVA Intracomunitaria: FR 04 378 517 148.<\/p><p>Direttore Generale: Jean-Pierre DANO<\/p><p>Tel. +33 (0) 3 20 43 21 80 \u2013 Fax +33 (0) 3 20 43 21 90<\/p><p>Per contattarci, utilizzate di preferenza il <a href=\"https:\/\/preprod-altair.com\/it\/contatto\/\">modulo di contatto del sito<\/a> cliccando qui.<\/p><h2>Sito edito da<\/h2><p>BRUNEL S.A.S.<br \/>Zone industrielle de la Pil\u00e2terie<br \/>16 rue Harald Stammbach<br \/>59290 WASQUEHAL<br \/>RCS LILLE B 378 517 148<br \/>Tel. +33 (0) 3 20 43 21 80 \u2013 Fax +33 (0) 3 20 43 21 90<\/p><h2>Creazione del sito internet<\/h2><p>Web Design &amp; Development : <a href=\"https:\/\/www.devonly.fr\/\" target=\"_blank\" rel=\"noopener\">DevOnly &#8211; Cl\u00e9ment Bellier<\/a><\/p><h2>Diritto dei marchi<\/h2><p>Le denominazioni sociali, i marchi ed i segni distintivi riprodotti nel sito sono protetti al titolo dei diritto dei marchi. La riproduzione o la rappresentazione di tutto o parte di uno dei segni sopra citati \u00e8 severamente vietata e deve essere oggetto di un\u2019autorizzazione preliminare scritta del titolare del marchio.<\/p><h2>La creazione di link verso il sito starwax.eu<\/h2><p>Qualsiasi link ipertestuale che punti verso il contenuto del sito deve essere oggetto di un\u2019autorizzazione della direzione della pubblicazione. Questa autorizzazione non si applica ai siti Internet che diffondono delle informazioni a carattere polemico, pornografico, xenofobo o che possano in una misura pi\u00f9 ampia, attentare alla sensibilit\u00e0 della maggior parte delle persone o all\u2019ordine pubblico.<\/p><h2>Diritto di accesso e di modifica dei dati che vi riguardano<\/h2><p>L\u2019utilizzatore \u00e8 informato che i suoi dati personali raccolti nell\u2019ambito dei moduli di contatto, dei moduli d\u2019iscrizione alla newsletter, ai concorsi, alle inchieste o qualsiasi altro questionario, sono oggetto di un trattamento da parte di BRUNEL. Per \u201cInformazione Personale\u201d, s\u2019intende qualsiasi informazione che consenta di identificare una persona. Si tratter\u00e0 il pi\u00f9 delle volte di un nome, di un indirizzo, di un numero di telefono o di un indirizzo elettronico.<\/p><p>Le informazioni raccolte sono considerate strettamente confidenziali e sono destinate all\u2019uso esclusivo della societ\u00e0 BRUNEL.<\/p><p>Certe informazioni specifiche richieste nei moduli in linea sono obbligatorie.<\/p><h2>Dichiarazione CNIL e dati nominativi<\/h2><p>Conformemente alla Legge n\u00b078-17 del 6 gennaio 1978 relativa all\u2019informatica, ai file e alle libert\u00e0, il trattamento delle informazioni nominative raccolte nel sito starwax.eu \u00e8 stato oggetto di una dichiarazione presso la Commissione Nazionale dell\u2019Informatica e delle Libert\u00e0. L\u2019Internauta dispone di un diritto di accesso, di modifica, di rettifica e di soppressione dei dati che lo riguardano. Questo diritto pu\u00f2 essere esercitato mediante lettera scrivendo a Brunel SAS \u2013 Service gestion du Site internet Starwax \u2013 CS 80206 \u2013 F 59445 WASQUEHAL o per e-mail a <a href=\"mailto:contact@brunel.fr\">contact@brunel.fr<\/a>. Questo indirizzo e-mail \u00e8 protetto contro i robot degli spammer, dovete attivare Javascript per vederlo.<\/p><h2>Sicurezza e riservatezza in rete<\/h2><p>Bench\u00e9 mettiamo in opera tutti i mezzi per garantire la sicurezza e la riservatezza in rete, dei messaggi che ci farete pervenire mediante Internet possono essere intercettati da persone malevoli. Fino a quando essi non ci siano pervenuti, la loro riservatezza non pu\u00f2 essere garantita. Accertatevi di non divulgare delle informazioni personali o confidenziali inutili, sensibili o provenienti da terzi.<\/p><p>Inoltre, l\u2019indicazione della provenienza dei messaggi elettronici che riceviamo pu\u00f2 essere falsificata.<\/p><p>Per ottenere maggiori informazioni sulle procedure da seguire nell\u2019ambito di questo tipo di problema, che, malgrado tutto, rimane raro, si prega di prendere contatto con BRUNEL SAS per iscritto.<\/p><h2>Utilizzo delle informazioni del sito starwax.eu e diritti d\u2019autore<\/h2><p>L\u2019utilizzo di qualsiasi documento proveniente dal sito starwax.eu \u00e8 autorizzato solo a titolo d\u2019informazione per un uso privato. Qualsiasi utilizzo che potrebbe essere effettuato ad altri fini \u00e8 espressamente vietato. La societ\u00e0 BRUNEL SAS si sforza di garantire al meglio delle sue possibilit\u00e0 l\u2019esattezza e l\u2019aggiornamento delle informazioni diffuse nel sito starwax.eu, di cui essa si riserva il diritto di correggere il contenuto, in qualsiasi momento e senza preavviso. Compete ad ogni utilizzatore del sito di verificare eventualmente l\u2019informazione con altri mezzi, compreso prendere contatto con la societ\u00e0. La societ\u00e0 BRUNEL SAS declina qualsiasi responsabilit\u00e0:<\/p><ul><li>per qualsiasi imprecisione, inesattezza o omissione che riguardi delle informazioni disponibili nel sito starwax.eu;<\/li><li>per qualsiasi danno che risulti da un\u2019intrusione fraudolenta da parte di un terzo che abbia provocato una modifica delle informazioni messe a disposizione nel sito starwax.eu; e,<\/li><li>pi\u00f9 in generale, per qualsiasi danno, diretto o indiretto, a prescindere dalle cause, origini, natura o conseguenze, provocati in ragione dell\u2019accesso di chiunque al sito starwax.eu o dall\u2019impossibilit\u00e0 di accedervi, come anche l\u2019utilizzo del sito starwax.eu e\/o del credito concesso ad una qualunque informazione proveniente direttamente o indirettamente da quest\u2019ultimo.<\/li><\/ul><p>Peraltro, salvo menzione contraria, i diritti di propriet\u00e0 intellettuale sui documenti contenuti nel sito e ciascuno degli elementi creati per questo sito sono di propriet\u00e0 esclusiva della societ\u00e0 BRUNEL SAS o dei suoi fornitori, dato che questi ultimi non concedono alcuna licenza, n\u00e9 diritto se non quello di consultare il sito starwax.eu.<\/p><p>La riproduzione di tutti gli elementi pubblicati nel sito starwax.eu \u00e8 autorizzata esclusivamente a fini d\u2019informazione per un uso personale e privato, qualsiasi riproduzione e qualsiasi utilizzo di copie realizzate ad altri fini \u00e8 espressamente vietato.<\/p><p>Tutti i marchi citati nel sito starwax.eu appartengono alle loro societ\u00e0 rispettive. Tutti i prodotti, i loghi, le immagini e pi\u00f9 in generale, tutti gli oggetti multimediali e testi citati nelle pagine del sito starwax.eu sono di propriet\u00e0 esclusiva del loro marchio rispettivo. Le fotografie che riproducono i prodotti non sono contrattuali.<\/p><h2>Informazioni tecniche<\/h2><p>Il sito starwax.eu \u00e8 accessibile 24 ore su 24 e 7 giorni su 7, ad eccezione di casi di forza maggiore, difficolt\u00e0 informatiche, difficolt\u00e0 legate alla struttura delle reti di comunicazione o difficolt\u00e0 di ordine tecnico. Per delle ragioni di manutenzione, la societ\u00e0 BRUNEL SAS od ogni fornitore debitamente abilitato per il conto della societ\u00e0 BRUNEL SAS potranno interrompere temporaneamente e in qualsiasi momento il sito starwax.eu.<\/p>\t\t\t\t\t\t<\/div>\n\t\t\t\t<\/div>\n\t\t\t\t\t<\/div>\n\t\t\t\t<\/div>\n\t\t\t\t<\/div>\n\t\t","protected":false},"excerpt":{"rendered":"<p>Informazioni legali Responsabile del sito BRUNEL SAS Societ\u00e0 anonima semplificata con capitale di 591 600 \u20ac, con sede sociale in Zone industrielle de la Pilaterie \u2013 16 rue Harald Stammbach \u2013 FR 59290 WASQUEHAL, Registrata presso il registro di commercio e delle societ\u00e0 di Lilla al numero B 378 517 148 \u2013 N\u00b0 di Siret: [&hellip;]<\/p>\n","protected":false},"author":1,"featured_media":0,"parent":0,"menu_order":0,"comment_status":"closed","ping_status":"closed","template":"elementor_header_footer","meta":{"_acf_changed":false,"footnotes":""},"class_list":["post-2232","page","type-page","status-publish","hentry"],"acf":[],"yoast_head":"<!-- This site is optimized with the Yoast SEO plugin v23.8 - https:\/\/yoast.com\/wordpress\/plugins\/seo\/ -->\n<title>Informazioni legali - Starwax - Produits d&#039;entretien pour la maison<\/title>\n<meta name=\"robots\" content=\"noindex, follow\" \/>\n<meta property=\"og:locale\" content=\"it_IT\" \/>\n<meta property=\"og:type\" content=\"article\" \/>\n<meta property=\"og:title\" content=\"Informazioni legali - Starwax - Produits d&#039;entretien pour la maison\" \/>\n<meta property=\"og:description\" content=\"Informazioni legali Responsabile del sito BRUNEL SAS Societ\u00e0 anonima semplificata con capitale di 591 600 \u20ac, con sede sociale in Zone industrielle de la Pilaterie \u2013 16 rue Harald Stammbach \u2013 FR 59290 WASQUEHAL, Registrata presso il registro di commercio e delle societ\u00e0 di Lilla al numero B 378 517 148 \u2013 N\u00b0 di Siret: [&hellip;]\" \/>\n<meta property=\"og:url\" content=\"https:\/\/preprod-altair.com\/it\/mentions-legales\/\" \/>\n<meta property=\"og:site_name\" content=\"Starwax - Produits d&#039;entretien pour la maison\" \/>\n<meta property=\"article:publisher\" content=\"https:\/\/www.facebook.com\/starwaxbe\" \/>\n<meta property=\"article:modified_time\" content=\"2024-07-21T14:18:34+00:00\" \/>\n<meta name=\"twitter:card\" content=\"summary_large_image\" \/>\n<meta name=\"twitter:label1\" content=\"Tempo di lettura stimato\" \/>\n\t<meta name=\"twitter:data1\" content=\"6 minuti\" \/>\n<script type=\"application\/ld+json\" class=\"yoast-schema-graph\">{\"@context\":\"https:\/\/schema.org\",\"@graph\":[{\"@type\":\"WebPage\",\"@id\":\"https:\/\/preprod-altair.com\/it\/mentions-legales\/\",\"url\":\"https:\/\/preprod-altair.com\/it\/mentions-legales\/\",\"name\":\"Informazioni legali - Starwax - Produits d&#039;entretien pour la maison\",\"isPartOf\":{\"@id\":\"https:\/\/preprod-altair.com\/it\/#website\"},\"datePublished\":\"2024-07-17T08:28:24+00:00\",\"dateModified\":\"2024-07-21T14:18:34+00:00\",\"breadcrumb\":{\"@id\":\"https:\/\/preprod-altair.com\/it\/mentions-legales\/#breadcrumb\"},\"inLanguage\":\"it-IT\",\"potentialAction\":[{\"@type\":\"ReadAction\",\"target\":[\"https:\/\/preprod-altair.com\/it\/mentions-legales\/\"]}]},{\"@type\":\"BreadcrumbList\",\"@id\":\"https:\/\/preprod-altair.com\/it\/mentions-legales\/#breadcrumb\",\"itemListElement\":[{\"@type\":\"ListItem\",\"position\":1,\"name\":\"Home\",\"item\":\"https:\/\/preprod-altair.com\/it\/\"},{\"@type\":\"ListItem\",\"position\":2,\"name\":\"Informazioni legali\"}]},{\"@type\":\"WebSite\",\"@id\":\"https:\/\/preprod-altair.com\/it\/#website\",\"url\":\"https:\/\/preprod-altair.com\/it\/\",\"name\":\"Starwax - Produits d'entretien pour la maison\",\"description\":\"\",\"publisher\":{\"@id\":\"https:\/\/preprod-altair.com\/it\/#organization\"},\"potentialAction\":[{\"@type\":\"SearchAction\",\"target\":{\"@type\":\"EntryPoint\",\"urlTemplate\":\"https:\/\/preprod-altair.com\/it\/?s={search_term_string}\"},\"query-input\":{\"@type\":\"PropertyValueSpecification\",\"valueRequired\":true,\"valueName\":\"search_term_string\"}}],\"inLanguage\":\"it-IT\"},{\"@type\":\"Organization\",\"@id\":\"https:\/\/preprod-altair.com\/it\/#organization\",\"name\":\"Starwax - Produits d'entretien pour la maison\",\"url\":\"https:\/\/preprod-altair.com\/it\/\",\"logo\":{\"@type\":\"ImageObject\",\"inLanguage\":\"it-IT\",\"@id\":\"https:\/\/preprod-altair.com\/it\/#\/schema\/logo\/image\/\",\"url\":\"https:\/\/preprod-altair.com\/wp-content\/uploads\/2024\/06\/logo-starwax.svg\",\"contentUrl\":\"https:\/\/preprod-altair.com\/wp-content\/uploads\/2024\/06\/logo-starwax.svg\",\"width\":150,\"height\":61,\"caption\":\"Starwax - Produits d'entretien pour la maison\"},\"image\":{\"@id\":\"https:\/\/preprod-altair.com\/it\/#\/schema\/logo\/image\/\"},\"sameAs\":[\"https:\/\/www.facebook.com\/starwaxbe\"]}]}<\/script>\n<!-- \/ Yoast SEO plugin. -->","yoast_head_json":{"title":"Informazioni legali - Starwax - Produits d&#039;entretien pour la maison","robots":{"index":"noindex","follow":"follow"},"og_locale":"it_IT","og_type":"article","og_title":"Informazioni legali - Starwax - Produits d&#039;entretien pour la maison","og_description":"Informazioni legali Responsabile del sito BRUNEL SAS Societ\u00e0 anonima semplificata con capitale di 591 600 \u20ac, con sede sociale in Zone industrielle de la Pilaterie \u2013 16 rue Harald Stammbach \u2013 FR 59290 WASQUEHAL, Registrata presso il registro di commercio e delle societ\u00e0 di Lilla al numero B 378 517 148 \u2013 N\u00b0 di Siret: [&hellip;]","og_url":"https:\/\/preprod-altair.com\/it\/mentions-legales\/","og_site_name":"Starwax - Produits d&#039;entretien pour la maison","article_publisher":"https:\/\/www.facebook.com\/starwaxbe","article_modified_time":"2024-07-21T14:18:34+00:00","twitter_card":"summary_large_image","twitter_misc":{"Tempo di lettura stimato":"6 minuti"},"schema":{"@context":"https:\/\/schema.org","@graph":[{"@type":"WebPage","@id":"https:\/\/preprod-altair.com\/it\/mentions-legales\/","url":"https:\/\/preprod-altair.com\/it\/mentions-legales\/","name":"Informazioni legali - Starwax - Produits d&#039;entretien pour la maison","isPartOf":{"@id":"https:\/\/preprod-altair.com\/it\/#website"},"datePublished":"2024-07-17T08:28:24+00:00","dateModified":"2024-07-21T14:18:34+00:00","breadcrumb":{"@id":"https:\/\/preprod-altair.com\/it\/mentions-legales\/#breadcrumb"},"inLanguage":"it-IT","potentialAction":[{"@type":"ReadAction","target":["https:\/\/preprod-altair.com\/it\/mentions-legales\/"]}]},{"@type":"BreadcrumbList","@id":"https:\/\/preprod-altair.com\/it\/mentions-legales\/#breadcrumb","itemListElement":[{"@type":"ListItem","position":1,"name":"Home","item":"https:\/\/preprod-altair.com\/it\/"},{"@type":"ListItem","position":2,"name":"Informazioni legali"}]},{"@type":"WebSite","@id":"https:\/\/preprod-altair.com\/it\/#website","url":"https:\/\/preprod-altair.com\/it\/","name":"Starwax - Produits d'entretien pour la maison","description":"","publisher":{"@id":"https:\/\/preprod-altair.com\/it\/#organization"},"potentialAction":[{"@type":"SearchAction","target":{"@type":"EntryPoint","urlTemplate":"https:\/\/preprod-altair.com\/it\/?s={search_term_string}"},"query-input":{"@type":"PropertyValueSpecification","valueRequired":true,"valueName":"search_term_string"}}],"inLanguage":"it-IT"},{"@type":"Organization","@id":"https:\/\/preprod-altair.com\/it\/#organization","name":"Starwax - Produits d'entretien pour la maison","url":"https:\/\/preprod-altair.com\/it\/","logo":{"@type":"ImageObject","inLanguage":"it-IT","@id":"https:\/\/preprod-altair.com\/it\/#\/schema\/logo\/image\/","url":"https:\/\/preprod-altair.com\/wp-content\/uploads\/2024\/06\/logo-starwax.svg","contentUrl":"https:\/\/preprod-altair.com\/wp-content\/uploads\/2024\/06\/logo-starwax.svg","width":150,"height":61,"caption":"Starwax - Produits d'entretien pour la maison"},"image":{"@id":"https:\/\/preprod-altair.com\/it\/#\/schema\/logo\/image\/"},"sameAs":["https:\/\/www.facebook.com\/starwaxbe"]}]}},"_links":{"self":[{"href":"https:\/\/preprod-altair.com\/it\/wp-json\/wp\/v2\/pages\/2232","targetHints":{"allow":["GET"]}}],"collection":[{"href":"https:\/\/preprod-altair.com\/it\/wp-json\/wp\/v2\/pages"}],"about":[{"href":"https:\/\/preprod-altair.com\/it\/wp-json\/wp\/v2\/types\/page"}],"author":[{"embeddable":true,"href":"https:\/\/preprod-altair.com\/it\/wp-json\/wp\/v2\/users\/1"}],"replies":[{"embeddable":true,"href":"https:\/\/preprod-altair.com\/it\/wp-json\/wp\/v2\/comments?post=2232"}],"version-history":[{"count":0,"href":"https:\/\/preprod-altair.com\/it\/wp-json\/wp\/v2\/pages\/2232\/revisions"}],"wp:attachment":[{"href":"https:\/\/preprod-altair.com\/it\/wp-json\/wp\/v2\/media?parent=2232"}],"curies":[{"name":"wp","href":"https:\/\/api.w.org\/{rel}","templated":true}]}}